{"id":2200,"date":"2024-02-12T08:14:53","date_gmt":"2024-02-12T07:14:53","guid":{"rendered":"https:\/\/alertes-meteo.com\/?page_id=2200"},"modified":"2026-02-14T17:37:05","modified_gmt":"2026-02-14T16:37:05","slug":"temps-present-en-direct","status":"publish","type":"page","link":"https:\/\/alertes-meteo.com\/index.php\/cartes-meteo\/temps-present-en-direct\/","title":{"rendered":"M\u00e9t\u00e9o en France &#8211; Cartes du temps pr\u00e9sent en France"},"content":{"rendered":"<div class=\"fusion-fullwidth fullwidth-box fusion-builder-row-1 fusion-flex-container nonhundred-percent-fullwidth non-hundred-percent-height-scrolling\" style=\"--awb-border-radius-top-left:0px;--awb-border-radius-top-right:0px;--awb-border-radius-bottom-right:0px;--awb-border-radius-bottom-left:0px;--awb-flex-wrap:wrap;\" ><div class=\"fusion-builder-row fusion-row fusion-flex-align-items-flex-start fusion-flex-content-wrap\" style=\"max-width:1302px;margin-left: calc(-5% \/ 2 );margin-right: calc(-5% \/ 2 );\"><div class=\"fusion-layout-column fusion_builder_column fusion-builder-column-0 fusion_builder_column_3_4 3_4 fusion-flex-column\" style=\"--awb-bg-blend:overlay;--awb-bg-size:cover;--awb-width-large:75%;--awb-margin-top-large:0px;--awb-spacing-right-large:3.1666666666667%;--awb-margin-bottom-large:0px;--awb-spacing-left-large:3.1666666666667%;--awb-width-medium:75%;--awb-spacing-right-medium:3.1666666666667%;--awb-spacing-left-medium:3.1666666666667%;--awb-width-small:100%;--awb-spacing-right-small:2.375%;--awb-spacing-left-small:2.375%;\"><div class=\"fusion-column-wrapper fusion-flex-justify-content-flex-start fusion-content-layout-column\"><div class=\"fusion-text fusion-text-1\"><p>&nbsp;<\/p>\n<h3><strong style=\"font-size: 16px;\" data-fusion-font=\"true\">M\u00e9t\u00e9o en direct : Le temps actuel<\/strong><\/h3>\n<\/div><div class=\"fusion-text fusion-text-2\"><p style=\"text-align: justify;\">M\u00e9t\u00e9o en France &#8211; Cartes du temps pr\u00e9sent en France et sur l&rsquo;Europe de l&rsquo;Ouest, radar (actualis\u00e9es en temps r\u00e9el) &#8211; <span style=\"color: var(--awb-text-color); font-family: var(--awb-text-font-family); font-size: var(--awb-font-size); font-style: var(--awb-text-font-style); font-weight: var(--awb-text-font-weight); letter-spacing: var(--awb-letter-spacing); text-align: var(--awb-content-alignment); text-transform: var(--awb-text-transform); background-color: var(--awb-bg-color-hover);\">Temp\u00e9ratures en France &#8211; pression &#8211; radar m\u00e9t\u00e9o &#8211; temps actuel en direct &#8211; type de temps en France \/ Europe &#8211; Cartes d&rsquo;alertes m\u00e9t\u00e9o \/ vigilance &#8211; <\/span><span style=\"color: var(--awb-text-color); font-family: var(--awb-text-font-family); font-size: var(--awb-font-size); font-style: var(--awb-text-font-style); font-weight: var(--awb-text-font-weight); letter-spacing: var(--awb-letter-spacing); text-align: var(--awb-content-alignment); text-transform: var(--awb-text-transform); background-color: var(--awb-bg-color-hover);\">Observations et relev\u00e9s m\u00e9t\u00e9o. Suivez les orages, la foudre, la neige, les temp\u00eates, la gr\u00eale, les inondations en temps r\u00e9el.<\/span><\/p>\n<p style=\"text-align: justify;\">Les observations m\u00e9t\u00e9o actuelles, telles que la temp\u00e9rature, l&rsquo;humidit\u00e9, la vitesse du vent et la visibilit\u00e9, offrent un aper\u00e7u pr\u00e9cis du temps qu&rsquo;il fait \u00e0 un instant donn\u00e9. Ces donn\u00e9es sont cruciales pour \u00e9valuer le confort, la s\u00e9curit\u00e9 et l&rsquo;impact sur les activit\u00e9s humaines, et sont utilis\u00e9es pour \u00e9mettre des avertissements et des conseils pratiques aux populations.<\/p>\n<\/div><div class=\"fusion-text fusion-text-3\"><h2><strong><span style=\"font-size: 16px;\" data-fusion-font=\"true\">Les observations : Conditions m\u00e9t\u00e9o<\/span><\/strong><\/h2>\n<\/div><img class=\"lazyload\" decoding=\"async\" border=\"0\" src=\"data:image\/svg+xml,%3Csvg%20xmlns%3D%27http%3A%2F%2Fwww.w3.org%2F2000%2Fsvg%27%20width%3D%27768%27%20height%3D%27768%27%20viewBox%3D%270%200%20768%20768%27%3E%3Crect%20width%3D%27768%27%20height%3D%27768%27%20fill-opacity%3D%220%22%2F%3E%3C%2Fsvg%3E\" data-orig-src=\"http:\/\/meteociel.fr\/cartes_obs\/temp2.png\" width=\"768\" height=\"768\"><div class=\"fusion-text fusion-text-4\"><p style=\"text-align: justify;\">\n<p style=\"text-align: justify;\">Les observations en direct fournit les observations m\u00e9t\u00e9o actuelles telles que la temp\u00e9rature, l&rsquo;humidit\u00e9, la vitesse du vent, la direction du vent et la pression atmosph\u00e9rique. Ces donn\u00e9es en temps r\u00e9el offrent une image pr\u00e9cise du temps qu&rsquo;il fait \u00e0 un endroit sp\u00e9cifique \u00e0 un moment pr\u00e9cis. <span style=\"color: var(--awb-text-color); font-family: var(--awb-text-font-family); font-size: var(--awb-font-size); font-style: var(--awb-text-font-style); font-weight: var(--awb-text-font-weight); letter-spacing: var(--awb-letter-spacing); text-align: var(--awb-content-alignment); text-transform: var(--awb-text-transform); background-color: var(--awb-bg-color-hover);\">Les observations m\u00e9t\u00e9o sont collect\u00e9es \u00e0 partir de stations m\u00e9t\u00e9orologiques terrestres et de bou\u00e9es en mer. Ces observations sont cruciales pour \u00e9tablir des pr\u00e9visions m\u00e9t\u00e9orologiques pr\u00e9cises et pour comprendre les conditions m\u00e9t\u00e9orologiques actuelles. <\/span><span style=\"color: var(--awb-text-color); font-family: var(--awb-text-font-family); font-size: var(--awb-font-size); font-style: var(--awb-text-font-style); font-weight: var(--awb-text-font-weight); letter-spacing: var(--awb-letter-spacing); text-align: var(--awb-content-alignment); text-transform: var(--awb-text-transform); background-color: var(--awb-bg-color-hover);\">Les observations m\u00e9t\u00e9o en direct sont essentielles pour aider les m\u00e9t\u00e9orologues \u00e0 surveiller et \u00e0 comprendre les mod\u00e8les m\u00e9t\u00e9orologiques \u00e0 court terme. Elles sont \u00e9galement importantes pour les applications pratiques telles que la navigation maritime, l&rsquo;aviation, l&rsquo;agriculture et la planification urbaine.<\/span><\/p>\n<\/div><div class=\"fusion-text fusion-text-5\"><h4><strong style=\"font-size: 16px;\" data-fusion-font=\"true\">Carte des temp\u00e9ratures en France en temps r\u00e9el :<\/strong><\/h4>\n<\/div><img class=\"lazyload\" decoding=\"async\" border=\"0\" src=\"data:image\/svg+xml,%3Csvg%20xmlns%3D%27http%3A%2F%2Fwww.w3.org%2F2000%2Fsvg%27%20width%3D%27768%27%20height%3D%27768%27%20viewBox%3D%270%200%20768%20768%27%3E%3Crect%20width%3D%27768%27%20height%3D%27768%27%20fill-opacity%3D%220%22%2F%3E%3C%2Fsvg%3E\" data-orig-src=\"http:\/\/meteociel.fr\/cartes_obs\/temp.png\" width=\"768\" height=\"768\"><div class=\"fusion-text fusion-text-6\"><p><strong><span style=\"color: var(--awb-text-color); font-family: var(--awb-text-font-family); font-size: var(--awb-font-size); font-style: var(--awb-text-font-style); letter-spacing: var(--awb-letter-spacing); text-align: var(--awb-content-alignment); text-transform: var(--awb-text-transform); background-color: var(--awb-bg-color-hover);\">\u00a0<\/span><\/strong><\/p>\n<p><strong><span style=\"color: var(--awb-text-color); font-family: var(--awb-text-font-family); font-size: var(--awb-font-size); font-style: var(--awb-text-font-style); letter-spacing: var(--awb-letter-spacing); text-align: var(--awb-content-alignment); text-transform: var(--awb-text-transform); background-color: var(--awb-bg-color-hover);\">Carte des vents en temps r\u00e9el :<\/span><\/strong><\/p>\n<\/div><img class=\"lazyload\" decoding=\"async\" border=\"0\" src=\"data:image\/svg+xml,%3Csvg%20xmlns%3D%27http%3A%2F%2Fwww.w3.org%2F2000%2Fsvg%27%20width%3D%27768%27%20height%3D%27768%27%20viewBox%3D%270%200%20768%20768%27%3E%3Crect%20width%3D%27768%27%20height%3D%27768%27%20fill-opacity%3D%220%22%2F%3E%3C%2Fsvg%3E\" data-orig-src=\"http:\/\/meteociel.fr\/cartes_obs\/vent.png\" width=\"768\" height=\"768\"><div class=\"fusion-text fusion-text-7\"><p><strong>\u00a0<\/strong><\/p>\n<p><strong>Cartes de la pression atmosph\u00e9rique :<\/strong><\/p>\n<\/div><img class=\"lazyload\" decoding=\"async\" border=\"0\" src=\"data:image\/svg+xml,%3Csvg%20xmlns%3D%27http%3A%2F%2Fwww.w3.org%2F2000%2Fsvg%27%20width%3D%27768%27%20height%3D%27768%27%20viewBox%3D%270%200%20768%20768%27%3E%3Crect%20width%3D%27768%27%20height%3D%27768%27%20fill-opacity%3D%220%22%2F%3E%3C%2Fsvg%3E\" data-orig-src=\"http:\/\/meteociel.fr\/cartes_obs\/pression.png\" width=\"768\" height=\"768\"><div class=\"fusion-text fusion-text-8\"><p><strong>\u00a0<\/strong><\/p>\n<p><strong>Cartes de la pression atmosph\u00e9rique avec donn\u00e9es:<\/strong><\/p>\n<\/div><img class=\"lazyload\" decoding=\"async\" border=\"0\" src=\"data:image\/svg+xml,%3Csvg%20xmlns%3D%27http%3A%2F%2Fwww.w3.org%2F2000%2Fsvg%27%20width%3D%27768%27%20height%3D%27768%27%20viewBox%3D%270%200%20768%20768%27%3E%3Crect%20width%3D%27768%27%20height%3D%27768%27%20fill-opacity%3D%220%22%2F%3E%3C%2Fsvg%3E\" data-orig-src=\"http:\/\/meteociel.fr\/cartes_obs\/pression2.png\" width=\"768\" height=\"768\"><div class=\"fusion-text fusion-text-9\"><p>&nbsp;<\/p>\n<p style=\"text-align: justify;\">Le temps qu&rsquo;il fait en ce moment peut \u00eatre observ\u00e9 en notant la temp\u00e9rature, l&rsquo;humidit\u00e9, la vitesse du vent et la pression atmosph\u00e9rique. Ces observations permettent de d\u00e9terminer le type de temps et les \u00e9ventuels changements \u00e0 venir. Par exemple, une temp\u00e9rature \u00e9lev\u00e9e accompagn\u00e9e d&rsquo;une forte humidit\u00e9 peut indiquer un risque de chaleur excessive. De plus, une baisse soudaine de la pression atmosph\u00e9rique peut signaler l&rsquo;approche d&rsquo;une temp\u00eate imminente.<\/p>\n<p style=\"text-align: justify;\">Les observations m\u00e9t\u00e9o actuelles fournissent des informations essentielles pour pr\u00e9voir les conditions m\u00e9t\u00e9orologiques \u00e0 court terme. Par exemple, la direction du vent peut indiquer l&rsquo;arriv\u00e9e d&rsquo;un front froid ou chaud. Les observations m\u00e9t\u00e9o en temps r\u00e9el sont donc cruciales pour \u00e9valuer les risques potentiels li\u00e9s aux conditions m\u00e9t\u00e9orologiques et prendre les mesures n\u00e9cessaires pour assurer la s\u00e9curit\u00e9 des personnes et des biens.<\/p>\n<p style=\"text-align: justify;\">De plus, les observations m\u00e9t\u00e9o en temps r\u00e9el sont \u00e9galement utiles dans de nombreux secteurs tels que l&rsquo;agriculture, l&rsquo;aviation, la navigation et la gestion des ressources en eau. Elles permettent d&rsquo;optimiser les activit\u00e9s quotidiennes et de prendre des d\u00e9cisions \u00e9clair\u00e9es en fonction des conditions m\u00e9t\u00e9orologiques actuelles. En outre, ces observations servent \u00e9galement de base pour la recherche climatique et contribuent \u00e0 l&rsquo;am\u00e9lioration des mod\u00e8les de pr\u00e9vision m\u00e9t\u00e9orologique.<\/p>\n<p style=\"text-align: justify;\"><span style=\"color: var(--awb-text-color); font-family: var(--awb-text-font-family); font-size: var(--awb-font-size); font-style: var(--awb-text-font-style); font-weight: var(--awb-text-font-weight); letter-spacing: var(--awb-letter-spacing); text-align: var(--awb-content-alignment); text-transform: var(--awb-text-transform); background-color: var(--awb-bg-color-hover);\">Source des cartes : Meteoalerte &#8211; www.meteociel.fr<\/span><\/p>\n<\/div><\/div><\/div><\/div><\/div>\n","protected":false},"excerpt":{"rendered":"","protected":false},"author":1,"featured_media":0,"parent":14485,"menu_order":0,"comment_status":"closed","ping_status":"closed","template":"","meta":{"_seopress_robots_primary_cat":"","_seopress_titles_title":"%%post_title%% %%sitetitle%% %%sep%%","_seopress_titles_desc":"Cartes radar : Temp\u00e9ratures pressions direction du vent en temps r\u00e9el - orage en temps r\u00e9el - pluie en direct - Direction et forces des vents en direct.","_seopress_robots_index":"","footnotes":""},"class_list":["post-2200","page","type-page","status-publish","hentry"],"_links":{"self":[{"href":"https:\/\/alertes-meteo.com\/index.php\/wp-json\/wp\/v2\/pages\/2200","targetHints":{"allow":["GET"]}}],"collection":[{"href":"https:\/\/alertes-meteo.com\/index.php\/wp-json\/wp\/v2\/pages"}],"about":[{"href":"https:\/\/alertes-meteo.com\/index.php\/wp-json\/wp\/v2\/types\/page"}],"author":[{"embeddable":true,"href":"https:\/\/alertes-meteo.com\/index.php\/wp-json\/wp\/v2\/users\/1"}],"replies":[{"embeddable":true,"href":"https:\/\/alertes-meteo.com\/index.php\/wp-json\/wp\/v2\/comments?post=2200"}],"version-history":[{"count":1,"href":"https:\/\/alertes-meteo.com\/index.php\/wp-json\/wp\/v2\/pages\/2200\/revisions"}],"predecessor-version":[{"id":59069,"href":"https:\/\/alertes-meteo.com\/index.php\/wp-json\/wp\/v2\/pages\/2200\/revisions\/59069"}],"up":[{"embeddable":true,"href":"https:\/\/alertes-meteo.com\/index.php\/wp-json\/wp\/v2\/pages\/14485"}],"wp:attachment":[{"href":"https:\/\/alertes-meteo.com\/index.php\/wp-json\/wp\/v2\/media?parent=2200"}],"curies":[{"name":"wp","href":"https:\/\/api.w.org\/{rel}","templated":true}]}}