{"id":14496,"date":"2024-02-17T19:36:20","date_gmt":"2024-02-17T18:36:20","guid":{"rendered":"https:\/\/alertes-meteo.com\/?page_id=14496"},"modified":"2024-02-17T19:38:59","modified_gmt":"2024-02-17T18:38:59","slug":"temperatures-mer","status":"publish","type":"page","link":"https:\/\/alertes-meteo.com\/index.php\/cartes-meteo\/temperatures-mer\/","title":{"rendered":"M\u00e9t\u00e9o en France &#8211; Carte temp\u00e9ratures mer"},"content":{"rendered":"<div class=\"fusion-fullwidth fullwidth-box fusion-builder-row-1 fusion-flex-container nonhundred-percent-fullwidth non-hundred-percent-height-scrolling\" style=\"--awb-border-radius-top-left:0px;--awb-border-radius-top-right:0px;--awb-border-radius-bottom-right:0px;--awb-border-radius-bottom-left:0px;--awb-flex-wrap:wrap;\" ><div class=\"fusion-builder-row fusion-row fusion-flex-align-items-flex-start fusion-flex-content-wrap\" style=\"max-width:1302px;margin-left: calc(-5% \/ 2 );margin-right: calc(-5% \/ 2 );\"><div class=\"fusion-layout-column fusion_builder_column fusion-builder-column-0 fusion_builder_column_1_1 1_1 fusion-flex-column\" style=\"--awb-bg-blend:overlay;--awb-bg-size:cover;--awb-width-large:100%;--awb-margin-top-large:0px;--awb-spacing-right-large:2.375%;--awb-margin-bottom-large:0px;--awb-spacing-left-large:2.375%;--awb-width-medium:100%;--awb-spacing-right-medium:2.375%;--awb-spacing-left-medium:2.375%;--awb-width-small:100%;--awb-spacing-right-small:2.375%;--awb-spacing-left-small:2.375%;\"><div class=\"fusion-column-wrapper fusion-flex-justify-content-flex-start fusion-content-layout-column\"><div class=\"fusion-text fusion-text-1\"><p style=\"text-align: left;\">M\u00e9t\u00e9o en France &#8211; Cartes du temps pr\u00e9sent en France et sur l&rsquo;Europe de l&rsquo;Ouest, radar (actualis\u00e9es en temps r\u00e9el)<\/p>\n<p>Temp\u00e9ratures en France &#8211; pression &#8211; radar m\u00e9t\u00e9o &#8211; temps actuel en direct &#8211; type de temps en France \/ Europe &#8211; Cartes d&rsquo;alertes m\u00e9t\u00e9o \/ vigilance<\/p>\n<p>Observations et relev\u00e9s m\u00e9t\u00e9o. Suivez les orages, la foudre, la neige, les temp\u00eates, la gr\u00eale, les inondations en temps r\u00e9el<\/p>\n<\/div><div class=\"fusion-text fusion-text-2\"><p><strong>Carte des temp\u00e9ratures en France en temps r\u00e9el :<\/strong><\/p>\n<\/div><img class=\"lazyload\" decoding=\"async\" border=\"0\" src=\"data:image\/svg+xml,%3Csvg%20xmlns%3D%27http%3A%2F%2Fwww.w3.org%2F2000%2Fsvg%27%20width%3D%27768%27%20height%3D%27768%27%20viewBox%3D%270%200%20768%20768%27%3E%3Crect%20width%3D%27768%27%20height%3D%27768%27%20fill-opacity%3D%220%22%2F%3E%3C%2Fsvg%3E\" data-orig-src=\"http:\/\/meteociel.fr\/cartes_obs\/temp.png\" width=\"768\" height=\"768\"><div class=\"fusion-text fusion-text-3\"><p><strong><span style=\"color: var(--awb-text-color); font-family: var(--awb-text-font-family); font-size: var(--awb-font-size); font-style: var(--awb-text-font-style); letter-spacing: var(--awb-letter-spacing); text-align: var(--awb-content-alignment); text-transform: var(--awb-text-transform); background-color: var(--awb-bg-color-hover);\">\u00a0<\/span><\/strong><\/p>\n<p><strong><span style=\"color: var(--awb-text-color); font-family: var(--awb-text-font-family); font-size: var(--awb-font-size); font-style: var(--awb-text-font-style); letter-spacing: var(--awb-letter-spacing); text-align: var(--awb-content-alignment); text-transform: var(--awb-text-transform); background-color: var(--awb-bg-color-hover);\">Carte des vents en temps r\u00e9el :<\/span><\/strong><\/p>\n<\/div><\/div><\/div><\/div><\/div>\n","protected":false},"excerpt":{"rendered":"","protected":false},"author":1,"featured_media":0,"parent":14485,"menu_order":0,"comment_status":"closed","ping_status":"closed","template":"","meta":{"_seopress_robots_primary_cat":"","_seopress_titles_title":"%%post_title%% %%sitetitle%% %%sep%%","_seopress_titles_desc":"Temp\u00e9ratures mer %%post_excerpt%%","_seopress_robots_index":"","footnotes":""},"class_list":["post-14496","page","type-page","status-publish","hentry"],"_links":{"self":[{"href":"https:\/\/alertes-meteo.com\/index.php\/wp-json\/wp\/v2\/pages\/14496","targetHints":{"allow":["GET"]}}],"collection":[{"href":"https:\/\/alertes-meteo.com\/index.php\/wp-json\/wp\/v2\/pages"}],"about":[{"href":"https:\/\/alertes-meteo.com\/index.php\/wp-json\/wp\/v2\/types\/page"}],"author":[{"embeddable":true,"href":"https:\/\/alertes-meteo.com\/index.php\/wp-json\/wp\/v2\/users\/1"}],"replies":[{"embeddable":true,"href":"https:\/\/alertes-meteo.com\/index.php\/wp-json\/wp\/v2\/comments?post=14496"}],"version-history":[{"count":0,"href":"https:\/\/alertes-meteo.com\/index.php\/wp-json\/wp\/v2\/pages\/14496\/revisions"}],"up":[{"embeddable":true,"href":"https:\/\/alertes-meteo.com\/index.php\/wp-json\/wp\/v2\/pages\/14485"}],"wp:attachment":[{"href":"https:\/\/alertes-meteo.com\/index.php\/wp-json\/wp\/v2\/media?parent=14496"}],"curies":[{"name":"wp","href":"https:\/\/api.w.org\/{rel}","templated":true}]}}